{"id":443,"date":"2025-05-05T15:22:53","date_gmt":"2025-05-05T13:22:53","guid":{"rendered":"https:\/\/taller43720.homiaweb.com\/avis-legal-imprint\/"},"modified":"2025-05-05T15:22:53","modified_gmt":"2025-05-05T13:22:53","slug":"avis-legal-imprint","status":"publish","type":"page","link":"https:\/\/taller43720.com\/ca\/avis-legal-imprint\/","title":{"rendered":"Av\u00eds Legal \/ Imprint"},"content":{"rendered":"\n<!-- Legal document generated by Complianz | GDPR\/CCPA Cookie Consent https:\/\/wordpress.org\/plugins\/complianz-gdpr -->\n<div id=\"cmplz-document\" class=\"cmplz-document impressum cmplz-document-all\"><p><i>Aquesta impressi\u00f3 es va actualitzar per \u00faltima vegada el 05\/05\/2025.<\/i><\/p><p class=\"cmplz-subtitle\">El propietari d&#039;aquest lloc web \u00e9s:<\/p><p>Guillem Cabanach Calaf Persona f\u00edsica<br>Carrer de la Muralla 30 baixos, 43720, L'Arbo\u00e7<br>Espanya<br>Correu electr\u00f2nic:&nbsp;<span class=\"cmplz-obfuscate\">i&#110;f&#111;@<span class=\"cmplz-fmail-domain\">&#101;x&#046;com<\/span>tal&#108;er&#052;3&#055;2&#048;&#046;com<\/span><br>Tel\u00e8fon: 649061183<br>n\u00famero d'IVA:&nbsp;77785844M<\/p><p class=\"cmplz-subtitle\">El(s) representant(s) legal(s) de Guillem Cabanach Calaf Persona f\u00edsica:<\/p><p>Guillem Cabanach Calaf<\/p><h2>1. General<\/h2><p>No estem disposats ni obligats a participar en procediments de resoluci\u00f3 de disputes davant una junta d'arbitratge de consum.<\/p><\/div>\n","protected":false},"excerpt":{"rendered":"","protected":false},"author":1,"featured_media":0,"parent":0,"menu_order":0,"comment_status":"closed","ping_status":"closed","template":"","meta":{"_acf_changed":false,"site-sidebar-layout":"default","site-content-layout":"","ast-site-content-layout":"default","site-content-style":"default","site-sidebar-style":"default","ast-global-header-display":"","ast-banner-title-visibility":"","ast-main-header-display":"","ast-hfb-above-header-display":"","ast-hfb-below-header-display":"","ast-hfb-mobile-header-display":"","site-post-title":"","ast-breadcrumbs-content":"","ast-featured-img":"","footer-sml-layout":"","ast-disable-related-posts":"","theme-transparent-header-meta":"","adv-header-id-meta":"","stick-header-meta":"","header-above-stick-meta":"","header-main-stick-meta":"","header-below-stick-meta":"","astra-migrate-meta-layouts":"default","ast-page-background-enabled":"default","ast-page-background-meta":{"desktop":{"background-color":"var(--ast-global-color-5)","background-image":"","background-repeat":"repeat","background-position":"center center","background-size":"auto","background-attachment":"scroll","background-type":"","background-media":"","overlay-type":"","overlay-color":"","overlay-opacity":"","overlay-gradient":""},"tablet":{"background-color":"","background-image":"","background-repeat":"repeat","background-position":"center center","background-size":"auto","background-attachment":"scroll","background-type":"","background-media":"","overlay-type":"","overlay-color":"","overlay-opacity":"","overlay-gradient":""},"mobile":{"background-color":"","background-image":"","background-repeat":"repeat","background-position":"center center","background-size":"auto","background-attachment":"scroll","background-type":"","background-media":"","overlay-type":"","overlay-color":"","overlay-opacity":"","overlay-gradient":""}},"ast-content-background-meta":{"desktop":{"background-color":"var(--ast-global-color-4)","background-image":"","background-repeat":"repeat","background-position":"center center","background-size":"auto","background-attachment":"scroll","background-type":"","background-media":"","overlay-type":"","overlay-color":"","overlay-opacity":"","overlay-gradient":""},"tablet":{"background-color":"var(--ast-global-color-4)","background-image":"","background-repeat":"repeat","background-position":"center center","background-size":"auto","background-attachment":"scroll","background-type":"","background-media":"","overlay-type":"","overlay-color":"","overlay-opacity":"","overlay-gradient":""},"mobile":{"background-color":"var(--ast-global-color-4)","background-image":"","background-repeat":"repeat","background-position":"center center","background-size":"auto","background-attachment":"scroll","background-type":"","background-media":"","overlay-type":"","overlay-color":"","overlay-opacity":"","overlay-gradient":""}},"footnotes":""},"class_list":["post-443","page","type-page","status-publish","hentry"],"acf":[],"_links":{"self":[{"href":"https:\/\/taller43720.com\/ca\/wp-json\/wp\/v2\/pages\/443","targetHints":{"allow":["GET"]}}],"collection":[{"href":"https:\/\/taller43720.com\/ca\/wp-json\/wp\/v2\/pages"}],"about":[{"href":"https:\/\/taller43720.com\/ca\/wp-json\/wp\/v2\/types\/page"}],"author":[{"embeddable":true,"href":"https:\/\/taller43720.com\/ca\/wp-json\/wp\/v2\/users\/1"}],"replies":[{"embeddable":true,"href":"https:\/\/taller43720.com\/ca\/wp-json\/wp\/v2\/comments?post=443"}],"version-history":[{"count":0,"href":"https:\/\/taller43720.com\/ca\/wp-json\/wp\/v2\/pages\/443\/revisions"}],"wp:attachment":[{"href":"https:\/\/taller43720.com\/ca\/wp-json\/wp\/v2\/media?parent=443"}],"curies":[{"name":"wp","href":"https:\/\/api.w.org\/{rel}","templated":true}]}}