{"id":716,"date":"2025-05-14T11:01:20","date_gmt":"2025-05-14T09:01:20","guid":{"rendered":"https:\/\/taller43720.com\/blog\/"},"modified":"2025-08-08T10:38:27","modified_gmt":"2025-08-08T08:38:27","slug":"blog","status":"publish","type":"page","link":"https:\/\/taller43720.com\/ca\/blog\/","title":{"rendered":"BLOG"},"content":{"rendered":"\t\t<div data-elementor-type=\"wp-page\" data-elementor-id=\"716\" class=\"elementor elementor-716 elementor-709\" data-elementor-post-type=\"page\">\n\t\t\t\t\t\t<section class=\"elementor-section elementor-top-section elementor-element elementor-element-66653651 elementor-section-boxed elementor-section-height-default elementor-section-height-default\" data-id=\"66653651\" data-element_type=\"section\" data-e-type=\"section\">\n\t\t\t\t\t\t\t<div class=\"elementor-background-overlay\"><\/div>\n\t\t\t\t\t\t\t<div class=\"elementor-container elementor-column-gap-default\">\n\t\t\t\t\t<div class=\"elementor-column elementor-col-100 elementor-top-column elementor-element elementor-element-310abd4d\" data-id=\"310abd4d\" data-element_type=\"column\" data-e-type=\"column\">\n\t\t\t<div class=\"elementor-widget-wrap elementor-element-populated\">\n\t\t\t\t\t\t<div class=\"elementor-element elementor-element-21dfac92 elementor-widget elementor-widget-heading\" data-id=\"21dfac92\" data-element_type=\"widget\" data-e-type=\"widget\" data-widget_type=\"heading.default\">\n\t\t\t\t<div class=\"elementor-widget-container\">\n\t\t\t\t\t<h1 class=\"elementor-heading-title elementor-size-default\">El millor bloc d'arquitectura<\/h1>\t\t\t\t<\/div>\n\t\t\t\t<\/div>\n\t\t\t\t\t<\/div>\n\t\t<\/div>\n\t\t\t\t\t<\/div>\n\t\t<\/section>\n\t\t\t\t<section class=\"elementor-section elementor-top-section elementor-element elementor-element-26c02fc1 elementor-section-boxed elementor-section-height-default elementor-section-height-default\" data-id=\"26c02fc1\" data-element_type=\"section\" data-e-type=\"section\">\n\t\t\t\t\t\t<div class=\"elementor-container elementor-column-gap-default\">\n\t\t\t\t\t<div class=\"elementor-column elementor-col-100 elementor-top-column elementor-element elementor-element-45dd84f3\" data-id=\"45dd84f3\" data-element_type=\"column\" data-e-type=\"column\">\n\t\t\t<div class=\"elementor-widget-wrap elementor-element-populated\">\n\t\t\t\t\t\t<div class=\"elementor-element elementor-element-7805bd3c elementor-grid-3 elementor-grid-tablet-2 elementor-grid-mobile-1 elementor-posts--thumbnail-top elementor-card-shadow-yes elementor-posts__hover-gradient elementor-widget elementor-widget-posts\" data-id=\"7805bd3c\" data-element_type=\"widget\" data-e-type=\"widget\" data-settings=\"{&quot;pagination_type&quot;:&quot;numbers&quot;,&quot;cards_columns&quot;:&quot;3&quot;,&quot;cards_columns_tablet&quot;:&quot;2&quot;,&quot;cards_columns_mobile&quot;:&quot;1&quot;,&quot;cards_row_gap&quot;:{&quot;unit&quot;:&quot;px&quot;,&quot;size&quot;:35,&quot;sizes&quot;:[]},&quot;cards_row_gap_widescreen&quot;:{&quot;unit&quot;:&quot;px&quot;,&quot;size&quot;:&quot;&quot;,&quot;sizes&quot;:[]},&quot;cards_row_gap_tablet&quot;:{&quot;unit&quot;:&quot;px&quot;,&quot;size&quot;:&quot;&quot;,&quot;sizes&quot;:[]},&quot;cards_row_gap_mobile&quot;:{&quot;unit&quot;:&quot;px&quot;,&quot;size&quot;:&quot;&quot;,&quot;sizes&quot;:[]}}\" data-widget_type=\"posts.cards\">\n\t\t\t\t<div class=\"elementor-widget-container\">\n\t\t\t\t\t\t\t<div class=\"elementor-posts-container elementor-posts elementor-posts--skin-cards elementor-grid\" role=\"list\">\r\n\t\t\t\t<article class=\"elementor-post elementor-grid-item post-1135 post type-post status-publish format-standard has-post-thumbnail hentry category-sense-categoria\" role=\"listitem\">\r\n\t\t\t<div class=\"elementor-post__card\">\r\n\t\t\t\t<a class=\"elementor-post__thumbnail__link\" href=\"https:\/\/taller43720.com\/ca\/quina-es-la-diferencia-entre-reforma-i-rehabilitacio-te-la-diem\/\" tabindex=\"-1\" ><div class=\"elementor-post__thumbnail\"><img fetchpriority=\"high\" decoding=\"async\" width=\"300\" height=\"200\" src=\"https:\/\/taller43720.com\/wp-content\/uploads\/2025\/07\/reforma-o-rehabilitacion-300x200.jpg\" class=\"attachment-medium size-medium wp-image-1082\" alt=\"reforma o rehabilitaci\u00f3n de vivienda\" srcset=\"https:\/\/taller43720.com\/wp-content\/uploads\/2025\/07\/reforma-o-rehabilitacion-300x200.jpg 300w, https:\/\/taller43720.com\/wp-content\/uploads\/2025\/07\/reforma-o-rehabilitacion-1024x684.jpg 1024w, https:\/\/taller43720.com\/wp-content\/uploads\/2025\/07\/reforma-o-rehabilitacion-768x513.jpg 768w, https:\/\/taller43720.com\/wp-content\/uploads\/2025\/07\/reforma-o-rehabilitacion-1536x1025.jpg 1536w, https:\/\/taller43720.com\/wp-content\/uploads\/2025\/07\/reforma-o-rehabilitacion.jpg 2000w\" sizes=\"(max-width: 300px) 100vw, 300px\" \/><\/div><\/a>\r\n\t\t\t\t<div class=\"elementor-post__text\">\r\n\t\t\t\t<h2 class=\"elementor-post__title\">\r\n\t\t\t<a href=\"https:\/\/taller43720.com\/ca\/quina-es-la-diferencia-entre-reforma-i-rehabilitacio-te-la-diem\/\" >\r\n\t\t\t\tQuina \u00e9s la difer\u00e8ncia entre reforma i rehabilitaci\u00f3? Te la diem\t\t\t<\/a>\r\n\t\t<\/h2>\r\n\t\t\r\n\t\t<a class=\"elementor-post__read-more\" href=\"https:\/\/taller43720.com\/ca\/quina-es-la-diferencia-entre-reforma-i-rehabilitacio-te-la-diem\/\" aria-label=\"Read more about Quina \u00e9s la difer\u00e8ncia entre reforma i rehabilitaci\u00f3? Te la diem\" tabindex=\"-1\" >\r\n\t\t\tLlegir m\u00e9s \u00bb\t\t<\/a>\r\n\r\n\t\t\t\t<\/div>\r\n\t\t\t\t\t<\/div>\r\n\t\t<\/article>\r\n\t\t\t\t<article class=\"elementor-post elementor-grid-item post-1136 post type-post status-publish format-standard has-post-thumbnail hentry category-sense-categoria\" role=\"listitem\">\r\n\t\t\t<div class=\"elementor-post__card\">\r\n\t\t\t\t<a class=\"elementor-post__thumbnail__link\" href=\"https:\/\/taller43720.com\/ca\/que-es-una-reforma-integral-guia-completa\/\" tabindex=\"-1\" ><div class=\"elementor-post__thumbnail\"><img decoding=\"async\" width=\"300\" height=\"228\" src=\"https:\/\/taller43720.com\/wp-content\/uploads\/2025\/07\/reforma-integral-300x228.jpg\" class=\"attachment-medium size-medium wp-image-1071\" alt=\"Reforma integral antes y despu\u00e9s\" srcset=\"https:\/\/taller43720.com\/wp-content\/uploads\/2025\/07\/reforma-integral-300x228.jpg 300w, https:\/\/taller43720.com\/wp-content\/uploads\/2025\/07\/reforma-integral-1024x779.jpg 1024w, https:\/\/taller43720.com\/wp-content\/uploads\/2025\/07\/reforma-integral-768x584.jpg 768w, https:\/\/taller43720.com\/wp-content\/uploads\/2025\/07\/reforma-integral-1536x1168.jpg 1536w, https:\/\/taller43720.com\/wp-content\/uploads\/2025\/07\/reforma-integral.jpg 2000w\" sizes=\"(max-width: 300px) 100vw, 300px\" \/><\/div><\/a>\r\n\t\t\t\t<div class=\"elementor-post__text\">\r\n\t\t\t\t<h2 class=\"elementor-post__title\">\r\n\t\t\t<a href=\"https:\/\/taller43720.com\/ca\/que-es-una-reforma-integral-guia-completa\/\" >\r\n\t\t\t\tQu\u00e8 \u00e9s una reforma integral? Guia completa\t\t\t<\/a>\r\n\t\t<\/h2>\r\n\t\t\r\n\t\t<a class=\"elementor-post__read-more\" href=\"https:\/\/taller43720.com\/ca\/que-es-una-reforma-integral-guia-completa\/\" aria-label=\"Read more about Qu\u00e8 \u00e9s una reforma integral? Guia completa\" tabindex=\"-1\" >\r\n\t\t\tLlegir m\u00e9s \u00bb\t\t<\/a>\r\n\r\n\t\t\t\t<\/div>\r\n\t\t\t\t\t<\/div>\r\n\t\t<\/article>\r\n\t\t\t\t<article class=\"elementor-post elementor-grid-item post-1154 post type-post status-publish format-standard has-post-thumbnail hentry category-sense-categoria\" role=\"listitem\">\r\n\t\t\t<div class=\"elementor-post__card\">\r\n\t\t\t\t<a class=\"elementor-post__thumbnail__link\" href=\"https:\/\/taller43720.com\/ca\/quan-costa-una-reforma-integral-a-espanya-preus-2025\/\" tabindex=\"-1\" ><div class=\"elementor-post__thumbnail\"><img decoding=\"async\" width=\"300\" height=\"200\" src=\"https:\/\/taller43720.com\/wp-content\/uploads\/2025\/07\/coste-reforma-integral-300x200.jpg\" class=\"attachment-medium size-medium wp-image-1056\" alt=\"Reforma integral precio\" srcset=\"https:\/\/taller43720.com\/wp-content\/uploads\/2025\/07\/coste-reforma-integral-300x200.jpg 300w, https:\/\/taller43720.com\/wp-content\/uploads\/2025\/07\/coste-reforma-integral-1024x682.jpg 1024w, https:\/\/taller43720.com\/wp-content\/uploads\/2025\/07\/coste-reforma-integral-768x512.jpg 768w, https:\/\/taller43720.com\/wp-content\/uploads\/2025\/07\/coste-reforma-integral-1536x1024.jpg 1536w, https:\/\/taller43720.com\/wp-content\/uploads\/2025\/07\/coste-reforma-integral.jpg 2000w\" sizes=\"(max-width: 300px) 100vw, 300px\" \/><\/div><\/a>\r\n\t\t\t\t<div class=\"elementor-post__text\">\r\n\t\t\t\t<h2 class=\"elementor-post__title\">\r\n\t\t\t<a href=\"https:\/\/taller43720.com\/ca\/quan-costa-una-reforma-integral-a-espanya-preus-2025\/\" >\r\n\t\t\t\tQuan costa una reforma integral a Espanya? Preus 2025\t\t\t<\/a>\r\n\t\t<\/h2>\r\n\t\t\r\n\t\t<a class=\"elementor-post__read-more\" href=\"https:\/\/taller43720.com\/ca\/quan-costa-una-reforma-integral-a-espanya-preus-2025\/\" aria-label=\"Read more about Quan costa una reforma integral a Espanya? Preus 2025\" tabindex=\"-1\" >\r\n\t\t\tLlegir m\u00e9s \u00bb\t\t<\/a>\r\n\r\n\t\t\t\t<\/div>\r\n\t\t\t\t\t<\/div>\r\n\t\t<\/article>\r\n\t\t\t\t<article class=\"elementor-post elementor-grid-item post-1149 post type-post status-publish format-standard has-post-thumbnail hentry category-sense-categoria\" role=\"listitem\">\r\n\t\t\t<div class=\"elementor-post__card\">\r\n\t\t\t\t<a class=\"elementor-post__thumbnail__link\" href=\"https:\/\/taller43720.com\/ca\/quan-costa-construir-una-casa-a-espanya-el-2025\/\" tabindex=\"-1\" ><div class=\"elementor-post__thumbnail\"><img loading=\"lazy\" decoding=\"async\" width=\"300\" height=\"200\" src=\"https:\/\/taller43720.com\/wp-content\/uploads\/2025\/05\/coste-de-construccion-casa-300x200.jpg\" class=\"attachment-medium size-medium wp-image-732\" alt=\"Coste de construir una casa\" srcset=\"https:\/\/taller43720.com\/wp-content\/uploads\/2025\/05\/coste-de-construccion-casa-300x200.jpg 300w, https:\/\/taller43720.com\/wp-content\/uploads\/2025\/05\/coste-de-construccion-casa-1024x682.jpg 1024w, https:\/\/taller43720.com\/wp-content\/uploads\/2025\/05\/coste-de-construccion-casa-768x512.jpg 768w, https:\/\/taller43720.com\/wp-content\/uploads\/2025\/05\/coste-de-construccion-casa-1536x1024.jpg 1536w, https:\/\/taller43720.com\/wp-content\/uploads\/2025\/05\/coste-de-construccion-casa.jpg 2000w\" sizes=\"(max-width: 300px) 100vw, 300px\" \/><\/div><\/a>\r\n\t\t\t\t<div class=\"elementor-post__text\">\r\n\t\t\t\t<h2 class=\"elementor-post__title\">\r\n\t\t\t<a href=\"https:\/\/taller43720.com\/ca\/quan-costa-construir-una-casa-a-espanya-el-2025\/\" >\r\n\t\t\t\tQuan costa construir una casa a Espanya el 2025?\t\t\t<\/a>\r\n\t\t<\/h2>\r\n\t\t\r\n\t\t<a class=\"elementor-post__read-more\" href=\"https:\/\/taller43720.com\/ca\/quan-costa-construir-una-casa-a-espanya-el-2025\/\" aria-label=\"Read more about Quan costa construir una casa a Espanya el 2025?\" tabindex=\"-1\" >\r\n\t\t\tLlegir m\u00e9s \u00bb\t\t<\/a>\r\n\r\n\t\t\t\t<\/div>\r\n\t\t\t\t\t<\/div>\r\n\t\t<\/article>\r\n\t\t\t\t<\/div>\r\n\t\t\r\n\t\t\t\t\t\t<\/div>\n\t\t\t\t<\/div>\n\t\t\t\t\t<\/div>\n\t\t<\/div>\n\t\t\t\t\t<\/div>\n\t\t<\/section>\n\t\t\t\t<\/div>\n\t\t","protected":false},"excerpt":{"rendered":"<p>El millor bloc d&#8217;arquitectura<\/p>\n","protected":false},"author":1,"featured_media":0,"parent":0,"menu_order":0,"comment_status":"closed","ping_status":"closed","template":"elementor_header_footer","meta":{"_acf_changed":false,"site-sidebar-layout":"no-sidebar","site-content-layout":"","ast-site-content-layout":"full-width-container","site-content-style":"default","site-sidebar-style":"default","ast-global-header-display":"","ast-banner-title-visibility":"","ast-main-header-display":"","ast-hfb-above-header-display":"","ast-hfb-below-header-display":"","ast-hfb-mobile-header-display":"","site-post-title":"disabled","ast-breadcrumbs-content":"","ast-featured-img":"disabled","footer-sml-layout":"","ast-disable-related-posts":"","theme-transparent-header-meta":"","adv-header-id-meta":"","stick-header-meta":"","header-above-stick-meta":"","header-main-stick-meta":"","header-below-stick-meta":"","astra-migrate-meta-layouts":"default","ast-page-background-enabled":"default","ast-page-background-meta":{"desktop":{"background-color":"var(--ast-global-color-5)","background-image":"","background-repeat":"repeat","background-position":"center center","background-size":"auto","background-attachment":"scroll","background-type":"","background-media":"","overlay-type":"","overlay-color":"","overlay-opacity":"","overlay-gradient":""},"tablet":{"background-color":"","background-image":"","background-repeat":"repeat","background-position":"center center","background-size":"auto","background-attachment":"scroll","background-type":"","background-media":"","overlay-type":"","overlay-color":"","overlay-opacity":"","overlay-gradient":""},"mobile":{"background-color":"","background-image":"","background-repeat":"repeat","background-position":"center center","background-size":"auto","background-attachment":"scroll","background-type":"","background-media":"","overlay-type":"","overlay-color":"","overlay-opacity":"","overlay-gradient":""}},"ast-content-background-meta":{"desktop":{"background-color":"var(--ast-global-color-4)","background-image":"","background-repeat":"repeat","background-position":"center center","background-size":"auto","background-attachment":"scroll","background-type":"","background-media":"","overlay-type":"","overlay-color":"","overlay-opacity":"","overlay-gradient":""},"tablet":{"background-color":"var(--ast-global-color-4)","background-image":"","background-repeat":"repeat","background-position":"center center","background-size":"auto","background-attachment":"scroll","background-type":"","background-media":"","overlay-type":"","overlay-color":"","overlay-opacity":"","overlay-gradient":""},"mobile":{"background-color":"var(--ast-global-color-4)","background-image":"","background-repeat":"repeat","background-position":"center center","background-size":"auto","background-attachment":"scroll","background-type":"","background-media":"","overlay-type":"","overlay-color":"","overlay-opacity":"","overlay-gradient":""}},"footnotes":""},"class_list":["post-716","page","type-page","status-publish","hentry"],"acf":[],"_links":{"self":[{"href":"https:\/\/taller43720.com\/ca\/wp-json\/wp\/v2\/pages\/716","targetHints":{"allow":["GET"]}}],"collection":[{"href":"https:\/\/taller43720.com\/ca\/wp-json\/wp\/v2\/pages"}],"about":[{"href":"https:\/\/taller43720.com\/ca\/wp-json\/wp\/v2\/types\/page"}],"author":[{"embeddable":true,"href":"https:\/\/taller43720.com\/ca\/wp-json\/wp\/v2\/users\/1"}],"replies":[{"embeddable":true,"href":"https:\/\/taller43720.com\/ca\/wp-json\/wp\/v2\/comments?post=716"}],"version-history":[{"count":0,"href":"https:\/\/taller43720.com\/ca\/wp-json\/wp\/v2\/pages\/716\/revisions"}],"wp:attachment":[{"href":"https:\/\/taller43720.com\/ca\/wp-json\/wp\/v2\/media?parent=716"}],"curies":[{"name":"wp","href":"https:\/\/api.w.org\/{rel}","templated":true}]}}